{"id":372,"date":"2016-04-26T18:26:46","date_gmt":"2016-04-26T16:26:46","guid":{"rendered":"http:\/\/www.federservizi.com\/de\/?page_id=372"},"modified":"2026-03-27T11:26:12","modified_gmt":"2026-03-27T10:26:12","slug":"wer-sind-wir","status":"publish","type":"page","link":"https:\/\/www.federservizi.com\/de\/wer-sind-wir","title":{"rendered":"Wer sind wir"},"content":{"rendered":"<div class=\"fusion-fullwidth fullwidth-box fusion-builder-row-1 nonhundred-percent-fullwidth non-hundred-percent-height-scrolling\" style=\"--awb-border-radius-top-left:0px;--awb-border-radius-top-right:0px;--awb-border-radius-bottom-right:0px;--awb-border-radius-bottom-left:0px;--awb-flex-wrap:wrap;\" ><div class=\"fusion-builder-row fusion-row\"><div class=\"fusion-layout-column fusion_builder_column fusion-builder-column-0 fusion_builder_column_1_2 1_2 fusion-one-half fusion-column-first\" style=\"--awb-bg-size:cover;--awb-margin-bottom:0px;width:48%; margin-right: 4%;\"><div class=\"fusion-column-wrapper fusion-flex-column-wrapper-legacy\"><div class=\"fusion-image-element in-legacy-container\" style=\"--awb-aspect-ratio:4 \/ 3;--awb-caption-title-font-family:var(--h2_typography-font-family);--awb-caption-title-font-weight:var(--h2_typography-font-weight);--awb-caption-title-font-style:var(--h2_typography-font-style);--awb-caption-title-size:var(--h2_typography-font-size);--awb-caption-title-transform:var(--h2_typography-text-transform);--awb-caption-title-line-height:var(--h2_typography-line-height);--awb-caption-title-letter-spacing:var(--h2_typography-letter-spacing);\"><span class=\" fusion-imageframe imageframe-none imageframe-1 hover-type-none has-aspect-ratio\"><img decoding=\"async\" width=\"300\" height=\"225\" title=\"20220502_180840\" src=\"https:\/\/www.federservizi.com\/wp-content\/uploads\/20220502_180840-300x225.jpg\" class=\"img-responsive wp-image-5282 img-with-aspect-ratio\" alt srcset=\"https:\/\/www.federservizi.com\/wp-content\/uploads\/20220502_180840-200x150.jpg 200w, https:\/\/www.federservizi.com\/wp-content\/uploads\/20220502_180840-400x300.jpg 400w, https:\/\/www.federservizi.com\/wp-content\/uploads\/20220502_180840-600x450.jpg 600w, https:\/\/www.federservizi.com\/wp-content\/uploads\/20220502_180840-800x600.jpg 800w, https:\/\/www.federservizi.com\/wp-content\/uploads\/20220502_180840.jpg 1024w\" sizes=\"(max-width: 800px) 100vw, 800px\" \/><\/span><\/div><div class=\"fusion-clearfix\"><\/div><\/div><\/div><div class=\"fusion-layout-column fusion_builder_column fusion-builder-column-1 fusion_builder_column_1_2 1_2 fusion-one-half fusion-column-last\" style=\"--awb-bg-size:cover;--awb-margin-bottom:0px;width:48%;\"><div class=\"fusion-column-wrapper fusion-flex-column-wrapper-legacy\"><div class=\"fusion-text fusion-text-1\"><h1>Kompetenz und Professionalit\u00e4t seit 20 Jahren<\/h1>\n<p>Wir sind ein S\u00fcdtiroler Familienunternehmen, das sich seit \u00fcber 20 Jahren auf die Vermietung und den Verkauf von Hebeb\u00fchnen, Gabelstaplern, Erdbewegungsmaschinen und LKWs spezialisiert hat.<\/p>\n<p>Diese Fahrzeuge werden im Allgemeinen f\u00fcr zivile und industrielle Bauarbeiten, Innen- und Au\u00dfenarbeiten in Lagern, industrielle und zivile Reinigungsarbeiten, Gartenbau, Erd- und Materialtransportarbeiten, eingesetzt.<\/p>\n<p>Unser Unternehmen Federservizi wurde 2001 umrahmt von den Bergen um Bozen, auf Initiative und Intuition des Gr\u00fcnders Lino Tomasi und der Mitgr\u00fcnderin Franca Giaier mit einem Maschinenpark gegr\u00fcndet, der zun\u00e4chst aus drei Minibaggern bestand.<\/p>\n<p>Ab 2006 haben wir uns vor allem f\u00fcr Hebeb\u00fchnen entschieden, so dass wir heute zu den f\u00fchrenden Unternehmen in diesem Bereich geh\u00f6ren.<\/p>\n<p>Die Entwicklung unseres Unternehmens hat sich im Laufe der Jahre fortgesetzt, so dass unser Angebot heute aus mehr als 400 hochmodernen Fahrzeugen besteht, die mit der neuesten Technologie ausgestattet, umweltfreundlich und in der Lage sind, ein H\u00f6chstma\u00df an Leistung zu garantieren.<\/p>\n<\/div><div class=\"fusion-text fusion-text-2\"><p><strong><em>PARTNER:<\/em><\/strong><\/p>\n<\/div><div class=\"fusion-image-element fusion-image-align-left in-legacy-container\" style=\"text-align:left;--awb-max-width:100px;--awb-caption-title-font-family:var(--h2_typography-font-family);--awb-caption-title-font-weight:var(--h2_typography-font-weight);--awb-caption-title-font-style:var(--h2_typography-font-style);--awb-caption-title-size:var(--h2_typography-font-size);--awb-caption-title-transform:var(--h2_typography-text-transform);--awb-caption-title-line-height:var(--h2_typography-line-height);--awb-caption-title-letter-spacing:var(--h2_typography-letter-spacing);\"><span class=\" fusion-imageframe imageframe-none imageframe-2 hover-type-none\" style=\"margin-right:25px;float:left;\"><a class=\"fusion-no-lightbox\" href=\"http:\/\/www.assodimi.it\/\" target=\"_blank\" aria-label=\"assodimi-assonolo\" rel=\"noopener noreferrer\"><img decoding=\"async\" width=\"715\" height=\"282\" src=\"https:\/\/www.federservizi.com\/wp-content\/uploads\/Assodimi-Assonolo.jpg\" alt class=\"img-responsive wp-image-2878\" srcset=\"https:\/\/www.federservizi.com\/wp-content\/uploads\/Assodimi-Assonolo-200x79.jpg 200w, https:\/\/www.federservizi.com\/wp-content\/uploads\/Assodimi-Assonolo-400x158.jpg 400w, https:\/\/www.federservizi.com\/wp-content\/uploads\/Assodimi-Assonolo-600x237.jpg 600w, https:\/\/www.federservizi.com\/wp-content\/uploads\/Assodimi-Assonolo.jpg 715w\" sizes=\"(max-width: 800px) 100vw, 715px\" \/><\/a><\/span><\/div><div class=\"fusion-image-element fusion-image-align-left in-legacy-container\" style=\"text-align:left;--awb-max-width:100px;--awb-caption-title-font-family:var(--h2_typography-font-family);--awb-caption-title-font-weight:var(--h2_typography-font-weight);--awb-caption-title-font-style:var(--h2_typography-font-style);--awb-caption-title-size:var(--h2_typography-font-size);--awb-caption-title-transform:var(--h2_typography-text-transform);--awb-caption-title-line-height:var(--h2_typography-line-height);--awb-caption-title-letter-spacing:var(--h2_typography-letter-spacing);\"><span class=\" fusion-imageframe imageframe-none imageframe-3 hover-type-none\" style=\"margin-right:25px;float:left;\"><a class=\"fusion-no-lightbox\" href=\"http:\/\/www.shv.cnabz.com\/index.php\/de\/\" target=\"_blank\" aria-label=\"New Logo 2024 bassa risoluzione\" rel=\"noopener noreferrer\"><img decoding=\"async\" width=\"300\" height=\"88\" src=\"https:\/\/www.federservizi.com\/wp-content\/uploads\/New-Logo-2024-bassa-risoluzione-300x88.jpg\" alt class=\"img-responsive wp-image-5286\" srcset=\"https:\/\/www.federservizi.com\/wp-content\/uploads\/New-Logo-2024-bassa-risoluzione-200x59.jpg 200w, https:\/\/www.federservizi.com\/wp-content\/uploads\/New-Logo-2024-bassa-risoluzione-400x117.jpg 400w, https:\/\/www.federservizi.com\/wp-content\/uploads\/New-Logo-2024-bassa-risoluzione-600x176.jpg 600w, https:\/\/www.federservizi.com\/wp-content\/uploads\/New-Logo-2024-bassa-risoluzione-800x235.jpg 800w, https:\/\/www.federservizi.com\/wp-content\/uploads\/New-Logo-2024-bassa-risoluzione.jpg 1200w\" sizes=\"(max-width: 800px) 100vw, 800px\" \/><\/a><\/span><\/div><div class=\"fusion-clearfix\"><\/div><\/div><\/div><\/div><\/div>\n","protected":false},"excerpt":{"rendered":"","protected":false},"author":1,"featured_media":0,"parent":0,"menu_order":0,"comment_status":"closed","ping_status":"closed","template":"","meta":{"footnotes":""},"_links":{"self":[{"href":"https:\/\/www.federservizi.com\/de\/wp-json\/wp\/v2\/pages\/372"}],"collection":[{"href":"https:\/\/www.federservizi.com\/de\/wp-json\/wp\/v2\/pages"}],"about":[{"href":"https:\/\/www.federservizi.com\/de\/wp-json\/wp\/v2\/types\/page"}],"author":[{"embeddable":true,"href":"https:\/\/www.federservizi.com\/de\/wp-json\/wp\/v2\/users\/1"}],"replies":[{"embeddable":true,"href":"https:\/\/www.federservizi.com\/de\/wp-json\/wp\/v2\/comments?post=372"}],"version-history":[{"count":11,"href":"https:\/\/www.federservizi.com\/de\/wp-json\/wp\/v2\/pages\/372\/revisions"}],"predecessor-version":[{"id":5978,"href":"https:\/\/www.federservizi.com\/de\/wp-json\/wp\/v2\/pages\/372\/revisions\/5978"}],"wp:attachment":[{"href":"https:\/\/www.federservizi.com\/de\/wp-json\/wp\/v2\/media?parent=372"}],"curies":[{"name":"wp","href":"https:\/\/api.w.org\/{rel}","templated":true}]}}