{"id":391,"date":"2016-05-07T14:44:22","date_gmt":"2016-05-07T12:44:22","guid":{"rendered":"http:\/\/www.federservizi.com\/de\/?page_id=391"},"modified":"2018-03-29T17:51:19","modified_gmt":"2018-03-29T15:51:19","slug":"home","status":"publish","type":"page","link":"https:\/\/www.federservizi.com\/de\/home","title":{"rendered":"Hebeb\u00fchnen Verleih und Verkauf Bozen"},"content":{"rendered":"<p><div class=\"fusion-fullwidth fullwidth-box fusion-builder-row-1 nonhundred-percent-fullwidth non-hundred-percent-height-scrolling\" style=\"--awb-border-radius-top-left:0px;--awb-border-radius-top-right:0px;--awb-border-radius-bottom-right:0px;--awb-border-radius-bottom-left:0px;--awb-flex-wrap:wrap;\" ><div class=\"fusion-builder-row fusion-row\"><div class=\"fusion-layout-column fusion_builder_column fusion-builder-column-0 fusion_builder_column_1_1 1_1 fusion-one-full fusion-column-first fusion-column-last\" style=\"--awb-bg-size:cover;--awb-margin-bottom:0px;\"><div class=\"fusion-column-wrapper fusion-flex-column-wrapper-legacy\"><div class=\"fusion-text fusion-text-1\"><h1 style=\"text-align: center;\">Unsere Miet-und Sales-Services<\/h1>\n<h2 style=\"text-align: center;\">Ausr\u00fcstung geeignet f\u00fcr das Geb\u00e4ude<\/h2>\n<\/div><div class=\"fusion-clearfix\"><\/div><\/div><\/div><\/div><\/div><div class=\"fusion-fullwidth fullwidth-box fusion-builder-row-2 nonhundred-percent-fullwidth non-hundred-percent-height-scrolling\" style=\"--awb-border-radius-top-left:0px;--awb-border-radius-top-right:0px;--awb-border-radius-bottom-right:0px;--awb-border-radius-bottom-left:0px;--awb-padding-top:20px;--awb-padding-bottom:20px;--awb-flex-wrap:wrap;\" ><div class=\"fusion-builder-row fusion-row\"><div class=\"fusion-layout-column fusion_builder_column fusion-builder-column-1 fusion_builder_column_1_4 1_4 fusion-one-fourth fusion-column-first fusion-column-inner-bg-wrapper\" style=\"--awb-inner-bg-size:cover;width:25%;width:calc(25% - ( ( 4% + 4% + 4% ) * 0.25 ) );margin-right: 4%;\"><span class=\"fusion-column-inner-bg hover-type-none\"><a class=\"fusion-column-anchor\" href=\"http:\/\/www.federservizi.com\/de\/category\/erdbaumaschinen\"><span class=\"fusion-column-inner-bg-image\"><\/span><\/a><\/span><div class=\"fusion-column-wrapper fusion-flex-column-wrapper-legacy\"><div class=\"fusion-image-element fusion-image-align-center in-legacy-container\" style=\"text-align:center;--awb-caption-title-font-family:var(--h2_typography-font-family);--awb-caption-title-font-weight:var(--h2_typography-font-weight);--awb-caption-title-font-style:var(--h2_typography-font-style);--awb-caption-title-size:var(--h2_typography-font-size);--awb-caption-title-transform:var(--h2_typography-text-transform);--awb-caption-title-line-height:var(--h2_typography-line-height);--awb-caption-title-letter-spacing:var(--h2_typography-letter-spacing);\"><div class=\"imageframe-align-center\"><span class=\" fusion-imageframe imageframe-none imageframe-1 hover-type-none\"><img decoding=\"async\" width=\"200\" height=\"176\" title=\"icone-home-federservizi-noleggio-piattaforme-bolzano-merano-bressanone\" src=\"http:\/\/www.federservizi.com\/wp-content\/uploads\/icone-home-federservizi-noleggio-piattaforme-bolzano-merano-bressanone.jpg\" alt class=\"img-responsive wp-image-1562\"\/><\/span><\/div><\/div><div class=\"fusion-sep-clear\"><\/div><div class=\"fusion-separator fusion-full-width-sep\" style=\"margin-left: auto;margin-right: auto;margin-top:15px;width:100%;\"><\/div><div class=\"fusion-sep-clear\"><\/div><div class=\"fusion-title title fusion-title-1 fusion-sep-none fusion-title-center fusion-title-text fusion-title-size-two\"><h2 class=\"fusion-title-heading title-heading-center fusion-responsive-typography-calculated\" style=\"margin:0;--fontSize:28;line-height:1.5;\"><strong>ERDBAUMASCHINEN<\/strong><\/h2><\/div><div class=\"fusion-clearfix\"><\/div><\/div><\/div><div class=\"fusion-layout-column fusion_builder_column fusion-builder-column-2 fusion_builder_column_1_4 1_4 fusion-one-fourth fusion-column-inner-bg-wrapper\" style=\"--awb-inner-bg-size:cover;width:25%;width:calc(25% - ( ( 4% + 4% + 4% ) * 0.25 ) );margin-right: 4%;\"><span class=\"fusion-column-inner-bg hover-type-none\"><a class=\"fusion-column-anchor\" href=\"http:\/\/www.federservizi.com\/autocarri\"><span class=\"fusion-column-inner-bg-image\"><\/span><\/a><\/span><div class=\"fusion-column-wrapper fusion-flex-column-wrapper-legacy\"><div class=\"fusion-image-element fusion-image-align-center in-legacy-container\" style=\"text-align:center;--awb-caption-title-font-family:var(--h2_typography-font-family);--awb-caption-title-font-weight:var(--h2_typography-font-weight);--awb-caption-title-font-style:var(--h2_typography-font-style);--awb-caption-title-size:var(--h2_typography-font-size);--awb-caption-title-transform:var(--h2_typography-text-transform);--awb-caption-title-line-height:var(--h2_typography-line-height);--awb-caption-title-letter-spacing:var(--h2_typography-letter-spacing);\"><div class=\"imageframe-align-center\"><span class=\" fusion-imageframe imageframe-none imageframe-2 hover-type-none\"><img decoding=\"async\" width=\"200\" height=\"176\" title=\"icone-home-federservizi-noleggio-piattaforme-bolzano-merano-bressanone2\" src=\"http:\/\/www.federservizi.com\/wp-content\/uploads\/icone-home-federservizi-noleggio-piattaforme-bolzano-merano-bressanone2.jpg\" alt class=\"img-responsive wp-image-1563\"\/><\/span><\/div><\/div><div class=\"fusion-sep-clear\"><\/div><div class=\"fusion-separator fusion-full-width-sep\" style=\"margin-left: auto;margin-right: auto;margin-top:15px;width:100%;\"><\/div><div class=\"fusion-sep-clear\"><\/div><div class=\"fusion-title title fusion-title-2 fusion-sep-none fusion-title-center fusion-title-text fusion-title-size-two\"><h2 class=\"fusion-title-heading title-heading-center fusion-responsive-typography-calculated\" style=\"margin:0;--fontSize:28;line-height:1.5;\"><strong>LASTKRAFTWAGEN<\/strong><\/h2><\/div><div class=\"fusion-clearfix\"><\/div><\/div><\/div><div class=\"fusion-layout-column fusion_builder_column fusion-builder-column-3 fusion_builder_column_1_4 1_4 fusion-one-fourth fusion-column-inner-bg-wrapper\" style=\"--awb-inner-bg-size:cover;width:25%;width:calc(25% - ( ( 4% + 4% + 4% ) * 0.25 ) );margin-right: 4%;\"><span class=\"fusion-column-inner-bg hover-type-none\"><a class=\"fusion-column-anchor\" href=\"http:\/\/www.federservizi.com\/de\/category\/hebebuehnen\"><span class=\"fusion-column-inner-bg-image\"><\/span><\/a><\/span><div class=\"fusion-column-wrapper fusion-flex-column-wrapper-legacy\"><div class=\"fusion-image-element fusion-image-align-center in-legacy-container\" style=\"text-align:center;--awb-caption-title-font-family:var(--h2_typography-font-family);--awb-caption-title-font-weight:var(--h2_typography-font-weight);--awb-caption-title-font-style:var(--h2_typography-font-style);--awb-caption-title-size:var(--h2_typography-font-size);--awb-caption-title-transform:var(--h2_typography-text-transform);--awb-caption-title-line-height:var(--h2_typography-line-height);--awb-caption-title-letter-spacing:var(--h2_typography-letter-spacing);\"><div class=\"imageframe-align-center\"><span class=\" fusion-imageframe imageframe-none imageframe-3 hover-type-none\"><img decoding=\"async\" width=\"200\" height=\"176\" title=\"icone-home-federservizi-noleggio-piattaforme-bolzano-merano-bressanone3\" src=\"http:\/\/www.federservizi.com\/wp-content\/uploads\/icone-home-federservizi-noleggio-piattaforme-bolzano-merano-bressanone3.jpg\" alt class=\"img-responsive wp-image-1564\"\/><\/span><\/div><\/div><div class=\"fusion-sep-clear\"><\/div><div class=\"fusion-separator fusion-full-width-sep\" style=\"margin-left: auto;margin-right: auto;margin-top:15px;width:100%;\"><\/div><div class=\"fusion-sep-clear\"><\/div><div class=\"fusion-title title fusion-title-3 fusion-sep-none fusion-title-center fusion-title-text fusion-title-size-two\"><h2 class=\"fusion-title-heading title-heading-center fusion-responsive-typography-calculated\" style=\"margin:0;--fontSize:28;line-height:1.5;\"><strong>HEBEB\u00dcHNEN<\/strong><\/h2><\/div><div class=\"fusion-clearfix\"><\/div><\/div><\/div><div class=\"fusion-layout-column fusion_builder_column fusion-builder-column-4 fusion_builder_column_1_4 1_4 fusion-one-fourth fusion-column-last fusion-column-inner-bg-wrapper\" style=\"--awb-inner-bg-size:cover;width:25%;width:calc(25% - ( ( 4% + 4% + 4% ) * 0.25 ) );\"><span class=\"fusion-column-inner-bg hover-type-none\"><a class=\"fusion-column-anchor\" href=\"http:\/\/www.federservizi.com\/de\/gabelstapler\"><span class=\"fusion-column-inner-bg-image\"><\/span><\/a><\/span><div class=\"fusion-column-wrapper fusion-flex-column-wrapper-legacy\"><div class=\"fusion-image-element fusion-image-align-center in-legacy-container\" style=\"text-align:center;--awb-caption-title-font-family:var(--h2_typography-font-family);--awb-caption-title-font-weight:var(--h2_typography-font-weight);--awb-caption-title-font-style:var(--h2_typography-font-style);--awb-caption-title-size:var(--h2_typography-font-size);--awb-caption-title-transform:var(--h2_typography-text-transform);--awb-caption-title-line-height:var(--h2_typography-line-height);--awb-caption-title-letter-spacing:var(--h2_typography-letter-spacing);\"><div class=\"imageframe-align-center\"><span class=\" fusion-imageframe imageframe-none imageframe-4 hover-type-none\"><img decoding=\"async\" width=\"200\" height=\"176\" title=\"icone-home-federservizi-noleggio-piattaforme-bolzano-merano-bressanone4\" src=\"http:\/\/www.federservizi.com\/wp-content\/uploads\/icone-home-federservizi-noleggio-piattaforme-bolzano-merano-bressanone4.jpg\" alt class=\"img-responsive wp-image-1565\"\/><\/span><\/div><\/div><div class=\"fusion-sep-clear\"><\/div><div class=\"fusion-separator fusion-full-width-sep\" style=\"margin-left: auto;margin-right: auto;margin-top:15px;width:100%;\"><\/div><div class=\"fusion-sep-clear\"><\/div><div class=\"fusion-title title fusion-title-4 fusion-sep-none fusion-title-center fusion-title-text fusion-title-size-two\"><h2 class=\"fusion-title-heading title-heading-center fusion-responsive-typography-calculated\" style=\"margin:0;--fontSize:28;line-height:1.5;\"><strong>GABELSTAPLER<\/strong><\/h2><\/div><div class=\"fusion-clearfix\"><\/div><\/div><\/div><\/div><\/div><div class=\"fusion-fullwidth fullwidth-box fusion-builder-row-3 txt-white nonhundred-percent-fullwidth non-hundred-percent-height-scrolling\" style=\"--awb-background-position:left top;--awb-border-radius-top-left:0px;--awb-border-radius-top-right:0px;--awb-border-radius-bottom-right:0px;--awb-border-radius-bottom-left:0px;--awb-padding-top:20px;--awb-padding-bottom:20px;--awb-background-color:#444444;--awb-border-sizes-top:0px;--awb-border-sizes-bottom:0px;--awb-flex-wrap:wrap;\" ><div class=\"fusion-builder-row fusion-row\"><div class=\"fusion-layout-column fusion_builder_column fusion-builder-column-5 fusion_builder_column_1_3 1_3 fusion-one-third fusion-column-first\" style=\"--awb-bg-size:cover;width:30.6666%; margin-right: 4%;\"><div class=\"fusion-column-wrapper fusion-flex-column-wrapper-legacy\"><div class=\"fusion-image-element fusion-image-align-left in-legacy-container\" style=\"text-align:left;--awb-caption-title-font-family:var(--h2_typography-font-family);--awb-caption-title-font-weight:var(--h2_typography-font-weight);--awb-caption-title-font-style:var(--h2_typography-font-style);--awb-caption-title-size:var(--h2_typography-font-size);--awb-caption-title-transform:var(--h2_typography-text-transform);--awb-caption-title-line-height:var(--h2_typography-line-height);--awb-caption-title-letter-spacing:var(--h2_typography-letter-spacing);\"><span class=\" fusion-imageframe imageframe-none imageframe-5 hover-type-none\" style=\"border-radius:130px;margin-right:25px;float:left;\"><img decoding=\"async\" width=\"300\" height=\"261\" title=\"DSC_0064\" src=\"http:\/\/www.federservizi.com\/wp-content\/uploads\/DSC_0064-e1487948504270-300x261.jpg\" alt class=\"img-responsive wp-image-2873\" srcset=\"https:\/\/www.federservizi.com\/wp-content\/uploads\/DSC_0064-e1487948504270-200x174.jpg 200w, https:\/\/www.federservizi.com\/wp-content\/uploads\/DSC_0064-e1487948504270-400x348.jpg 400w, https:\/\/www.federservizi.com\/wp-content\/uploads\/DSC_0064-e1487948504270.jpg 526w\" sizes=\"(max-width: 800px) 100vw, 300px\" \/><\/span><\/div><div class=\"fusion-clearfix\"><\/div><\/div><\/div><div class=\"fusion-layout-column fusion_builder_column fusion-builder-column-6 fusion_builder_column_2_3 2_3 fusion-two-third fusion-column-last\" style=\"--awb-bg-size:cover;width:65.3333%;\"><div class=\"fusion-column-wrapper fusion-flex-column-wrapper-legacy\"><div class=\"fusion-text fusion-text-2\"><h1 data-lineheight=\"48\" data-fontsize=\"34\"><span style=\"color: #ffdf0f;\">Federservizi, Marktf\u00fchrer<\/span><\/h1>\n<p><span style=\"color: #ffffff;\">Federservizi wurde 2001 gegr\u00fcndet und besch\u00e4ftigt sich mit dem Verleih und dem Verkauf der Hebeb\u00fchnen und Erdbewegungsmaschinen, um eine gute Dienstleistung im Baubereich anzubieten.<\/span><\/p>\n<\/div><div class=\"fusion-alignleft\"><a class=\"fusion-button button-flat button-large button-default fusion-button-default button-1 fusion-button-default-span fusion-button-default-type\" style=\"--button_bevel_color:#ffffff;\" target=\"_self\" href=\"http:\/\/www.federservizi.com\/de\/wir-sind\"><span class=\"fusion-button-text\">WIR SIND<\/span><\/a><\/div><div class=\"fusion-clearfix\"><\/div><\/div><\/div><div class=\"fusion-layout-column fusion_builder_column fusion-builder-column-7 fusion_builder_column_1_1 1_1 fusion-one-full fusion-column-first fusion-column-last\" style=\"--awb-bg-size:cover;--awb-margin-bottom:0px;\"><div class=\"fusion-column-wrapper fusion-flex-column-wrapper-legacy\"><div class=\"fusion-text fusion-text-3\"><h2 data-lineheight=\"48\" data-fontsize=\"34\"><span style=\"color: #ffffff;\">Partner<\/span> <a href=\"http:\/\/www.assodimi.it\/\"><img decoding=\"async\" class=\"alignnone wp-image-575\" src=\"http:\/\/www.federservizi.com\/wp-content\/uploads\/Assodimi-Assonolo-300x118.jpg\" alt=\"assodimi-assonolo\" width=\"127\" height=\"50\" srcset=\"https:\/\/www.federservizi.com\/wp-content\/uploads\/Assodimi-Assonolo-200x79.jpg 200w, https:\/\/www.federservizi.com\/wp-content\/uploads\/Assodimi-Assonolo-300x118.jpg 300w, https:\/\/www.federservizi.com\/wp-content\/uploads\/Assodimi-Assonolo-400x158.jpg 400w, https:\/\/www.federservizi.com\/wp-content\/uploads\/Assodimi-Assonolo-600x237.jpg 600w, https:\/\/www.federservizi.com\/wp-content\/uploads\/Assodimi-Assonolo-700x282.jpg 700w, https:\/\/www.federservizi.com\/wp-content\/uploads\/Assodimi-Assonolo.jpg 715w\" sizes=\"(max-width: 127px) 100vw, 127px\" \/><\/a><\/h2>\n<p style=\"text-align: left;\">\n<\/div><div class=\"fusion-clearfix\"><\/div><\/div><\/div><\/div><\/div><\/p>\n","protected":false},"excerpt":{"rendered":"","protected":false},"author":1,"featured_media":0,"parent":0,"menu_order":0,"comment_status":"closed","ping_status":"closed","template":"100-width.php","meta":{"footnotes":""},"_links":{"self":[{"href":"https:\/\/www.federservizi.com\/de\/wp-json\/wp\/v2\/pages\/391"}],"collection":[{"href":"https:\/\/www.federservizi.com\/de\/wp-json\/wp\/v2\/pages"}],"about":[{"href":"https:\/\/www.federservizi.com\/de\/wp-json\/wp\/v2\/types\/page"}],"author":[{"embeddable":true,"href":"https:\/\/www.federservizi.com\/de\/wp-json\/wp\/v2\/users\/1"}],"replies":[{"embeddable":true,"href":"https:\/\/www.federservizi.com\/de\/wp-json\/wp\/v2\/comments?post=391"}],"version-history":[{"count":5,"href":"https:\/\/www.federservizi.com\/de\/wp-json\/wp\/v2\/pages\/391\/revisions"}],"predecessor-version":[{"id":1436,"href":"https:\/\/www.federservizi.com\/de\/wp-json\/wp\/v2\/pages\/391\/revisions\/1436"}],"wp:attachment":[{"href":"https:\/\/www.federservizi.com\/de\/wp-json\/wp\/v2\/media?parent=391"}],"curies":[{"name":"wp","href":"https:\/\/api.w.org\/{rel}","templated":true}]}}